{"id":674,"date":"2022-02-15T17:05:33","date_gmt":"2022-02-15T16:05:33","guid":{"rendered":"https:\/\/app-trixl.klubarbeit.net\/bergwandern\/"},"modified":"2022-10-13T11:27:59","modified_gmt":"2022-10-13T09:27:59","slug":"mountain-hiking","status":"publish","type":"page","link":"https:\/\/www.appartementhaus-trixl.at\/en\/mountain-hiking\/","title":{"rendered":"Mountain hiking"},"content":{"rendered":"<p>Surrounded by the striking peaks of the Kaisergebirge, the Loferer and the Leoganger Steinberge, the PillerseeTal offers more than 400 kilometers of marked hiking trails between 700 and 2500 meters above sea level. The offer ranges from leisurely walks, for example on the banks of the Pillersee, to high alpine tours and via ferratas on the most beautiful peaks. With the cable cars in Fieberbrunn, Waidring and of course the Pillersee cable car, you can get up quickly and comfortably and enjoy breathtaking panoramas, nice encounters and hearty, tasty snacks on the numerous alpine pastures.<\/p>\n","protected":false},"excerpt":{"rendered":"<p>Umrahmt von den markanten Gipfeln des Kaisergebirges, den Loferer und den Leoganger Steinbergen, bietet das PillerseeTal mehr als 400 Kilometer markierter Wanderwege zwischen 700 und 2500 Meter Seeh\u00f6he. Von gem\u00fctlichen Spazierg\u00e4ngen, etwa am Ufer des Pillersees, bis hin zu hochalpinen Touren und Klettersteigen auf die sch\u00f6nsten Gipfel reicht das Angebot.<\/p>\n","protected":false},"author":1,"featured_media":577,"parent":0,"menu_order":0,"comment_status":"closed","ping_status":"closed","template":"","meta":{"footnotes":""},"class_list":["post-674","page","type-page","status-publish","has-post-thumbnail","hentry"],"meta_box":{"wysiwyg_8vhvd6w2a2o":"","image_advanced_mke4u9kg4i":[],"anreise-infos":"","overline-heading":"Discover the mountains","text_y0uz1jljy4":"in the Kitzb\u00fcheler Alps","video-youtube":"https:\/\/youtu.be\/5azSqa13omY","image_advanced_480xxjaxm89":[],"aktivitaten_slider":[{"headline-gruppe-aktiv":"Our favourite routes","wysiwyg_mp1vy4xzj4":"<p><strong>Wildseeloder - 2,117 m:<\/strong> Easy mountain hike on a peak with an incredible view in the Kitzb\u00fchel Alps. This mountain hike can also be combined very well with an additional ascent to the Henne. Walking time from Wildseeloderh\u00fctte approx. 45 minutes<\/p>\r\n<p><strong>Spielberghorn - 2,044 m:<\/strong> The mountain hike to the striking Spielberghorn is rewarded with wonderful views on the border between Fieberbrunn and Saalbach-Hinterglemm. In between, however, you have to be careful on the narrow path. Walking time from Burgeralm approx. 2 hours.<\/p>\r\n<p><strong>Karstein - 1,922 m:<\/strong> Beautiful and easy family hike. It leads through different vegetation levels, so the landscape is very varied and also offers a fantastic view of the surrounding area. Walking time from Winklmoos approx. 2 hours.<\/p>","text_1ymi2g0zjmf":"More hiking tracks","text_n8wmvsfkil":"https:\/\/www.appartementhaus-trixl.at\/en\/mountain-hiking\/#wanderroutenen","button_group_49njm2tru05-1":"ja","image_advanced_b8zp9a0enxa":"\/wp-content\/uploads\/2022\/03\/hd-Wildseelodersee-in-Fieberbrunn\u00a9thorstenmuehlbacherphotography.jpg"}],"seiten_teaser":[]},"_links":{"self":[{"href":"https:\/\/www.appartementhaus-trixl.at\/en\/wp-json\/wp\/v2\/pages\/674","targetHints":{"allow":["GET"]}}],"collection":[{"href":"https:\/\/www.appartementhaus-trixl.at\/en\/wp-json\/wp\/v2\/pages"}],"about":[{"href":"https:\/\/www.appartementhaus-trixl.at\/en\/wp-json\/wp\/v2\/types\/page"}],"author":[{"embeddable":true,"href":"https:\/\/www.appartementhaus-trixl.at\/en\/wp-json\/wp\/v2\/users\/1"}],"replies":[{"embeddable":true,"href":"https:\/\/www.appartementhaus-trixl.at\/en\/wp-json\/wp\/v2\/comments?post=674"}],"version-history":[{"count":4,"href":"https:\/\/www.appartementhaus-trixl.at\/en\/wp-json\/wp\/v2\/pages\/674\/revisions"}],"predecessor-version":[{"id":796,"href":"https:\/\/www.appartementhaus-trixl.at\/en\/wp-json\/wp\/v2\/pages\/674\/revisions\/796"}],"wp:featuredmedia":[{"embeddable":true,"href":"https:\/\/www.appartementhaus-trixl.at\/en\/wp-json\/wp\/v2\/media\/577"}],"wp:attachment":[{"href":"https:\/\/www.appartementhaus-trixl.at\/en\/wp-json\/wp\/v2\/media?parent=674"}],"curies":[{"name":"wp","href":"https:\/\/api.w.org\/{rel}","templated":true}]}}