{"id":695,"date":"2022-02-15T17:07:33","date_gmt":"2022-02-15T16:07:33","guid":{"rendered":"https:\/\/app-trixl.klubarbeit.net\/impressum\/"},"modified":"2022-04-08T12:55:44","modified_gmt":"2022-04-08T10:55:44","slug":"imprint","status":"publish","type":"page","link":"https:\/\/www.appartementhaus-trixl.at\/en\/imprint\/","title":{"rendered":"Imprint (GER)"},"content":{"rendered":"<p>F\u00fcr den Inhalt verantwortlich:<\/p>\n<div><strong>Familie Trixl<br \/>\n<\/strong><\/div>\n<div>Appartementhaus Trixl<\/div>\n<div>Dorfstrasse 8<\/div>\n<div>A-6391 Fieberbrunn<\/div>\n<div>Tel: +43 5354 56298 Fax: DW4<\/div>\n<div>Tel: +43 664 977 29 32<\/div>\n<div>\n<p><strong><a href=\"mailto:info@appartementhaus-trixl.at\">info@appartementhaus-trixl.at<\/a><\/strong><\/p>\n<\/div>\n<hr \/>\n<p>Es gelten die Buchungsbedingungen laut Preisliste und den \u00f6sterreichischen Hotelvertragsbedingungen.<br \/>\n<a href=\"https:\/\/www.wko.at\/branchen\/tourismus-freizeitwirtschaft\/hotellerie\/AGBH_061115.pdf\" target=\"_blank\" rel=\"noopener nofollow\">Allgemeinen Gesch\u00e4ftsbedingungen\u00a0<\/a>f\u00fcr Hotellerie 2006.<\/p>\n<hr \/>\n<h3>HINWEISPFLICHT F\u00dcR ONLINEHANDEL<\/h3>\n<p>Die Plattform zur Online-Streitbeilegung der Europ\u00e4ischen Kommission:<br \/>\n<strong><a title=\"Opens internal link in new window\" href=\"http:\/\/ec.europa.eu\/consumers\/odr\" target=\"_blank\" rel=\"noopener nofollow\">http:\/\/ec.europa.eu\/consumers\/odr<\/a><\/strong><\/p>\n<hr \/>\n<p><strong>Erkl\u00e4rung zur Informationspflicht (Datenschutzerkl\u00e4rung)<br \/>\n<\/strong>Die Datenschutzerkl\u00e4rung finden Sie\u00a0<a href=\"https:\/\/www.appartementhaus-trixl.at\/datenschutz\/\">hier &gt;&gt;<\/a><\/p>\n<hr \/>\n<p>Konzept, Design, Hosting und technische Umsetzung:<br \/>\n<a href=\"http:\/\/www.klubarbeit.net\/\" rel=\"nofollow noopener\" target=\"_blank\">klubarbeit.net<\/a>\u00a0&#8211; Internet und Medien Dienstleistungen<\/p>\n<p>Marketing, Content und Strategie:<br \/>\nW-M-P Martin Weigl \u2013 Marketing und Events in Tourismus und Sport<br \/>\n<a href=\"mailto:office@w-m-p.at\">office@w-m-p.at<\/a> |\u00a0<a href=\"http:\/\/www.w-m-p-at\/\" rel=\"nofollow\">www.w-m-p-at<\/a><\/p>\n<p>Bilder:<\/p>\n<ul>\n<li>Appartements Trixl<\/li>\n<li>TVB PillerseeTal<\/li>\n<li>Bergbahnen Fieberbrunn, Bergbahnen Waidring, Bergbahnen Pillersee, Bergbahnen Kitzb\u00fchel<\/li>\n<li>Bilddatenbank Kitzb\u00fcheler Alpen<\/li>\n<li>Alp Line &#8211; Foto- Werbeagentur<\/li>\n<li>Foto Heinz Fieberbunn<\/li>\n<li>Foto H\u00f6rl Fieberbrunn<\/li>\n<li>Gemeinde Fieberbrunn<\/li>\n<li>WMP<\/li>\n<\/ul>\n<p>&nbsp;<\/p>\n<p>URHEBERRECHTE &#8211; HAFTUNG F\u00dcR LINKS<br \/>\nDie Inhalte des Internetauftritts &#8220;Appartementhaus Trixl&#8221; sind urheberrechtlich gesch\u00fctzt. Die Vervielf\u00e4ltigung von Informationen, insbesondere die Verwendung von Texten, Textteilen oder Bildmaterial bedarf der vorherigen schriftlichen Genehmigung von &#8220;Appartementhaus Trixl. Appartementhaus Trixl bem\u00fcht sich, nach bestem Verm\u00f6gen daf\u00fcr Sorge zu tragen, dass die in diesem Internetauftritt enthaltenen Informationen zutreffend sind. Eine Haftung oder Garantie f\u00fcr die Aktualit\u00e4t, Richtigkeit und Vollst\u00e4ndigkeit der zur Verf\u00fcgung gestellten Informationen ist jedoch ausgeschlossen. Ferner ist &#8220;Appartementhaus Trixl im Inhalt der \u00fcber Hyperlink extern verbundenen Internetauftritte nicht verantwortlich. &#8220;Appartementhaus Trixl beh\u00e4lt sich vor, ohne Ank\u00fcndigung \u00c4nderungen oder Erg\u00e4nzungen der bereitgestellten Informationen vorzunehmen.<\/p>\n<p>&nbsp;<\/p>\n<p>Inhalte<br \/>\nAppartementhaus Trixl \u00fcbernimmt keinerlei Gew\u00e4hr f\u00fcr die Aktualit\u00e4t, Korrektheit, Vollst\u00e4ndigkeit oder Qualit\u00e4t der bereitgestellten Informationen. Haftungsanspr\u00fcche gegen den Autor, die sich auf Sch\u00e4den materieller oder ideeller Art beziehen, welche durch die Nutzung oder Nichtnutzung der dargebotenen Informationen bzw. durch die Nutzung fehlerhafter und unvollst\u00e4ndiger Informationen verursacht wurden sind grunds\u00e4tzlich ausgeschlossen, sofern seitens des Autors kein nachweislich vors\u00e4tzliches oder grob fahrl\u00e4ssiges Verschulden vorliegt. Alle Angebote sind freibleibend und unverbindlich. Der Autor beh\u00e4lt es sich ausdr\u00fccklich vor, Teile der Seiten oder das gesamte Angebot ohne gesonderte Ank\u00fcndigung zu ver\u00e4ndern, zu erg\u00e4nzen, zu l\u00f6schen oder die Ver\u00f6ffentlichung zeitweise oder endg\u00fcltig einzustellen.<\/p>\n<p>&nbsp;<\/p>\n<p>Verweise und Links<br \/>\nSofern auf Verweisziele (&#8220;Links&#8221;) direkt oder indirekt verwiesen wird, die au\u00dferhalb des Verantwortungsbereiches des Autors liegen, haftet dieser nur dann, wenn er von den Inhalten Kenntnis hat und es ihm technisch m\u00f6glich und zumutbar w\u00e4re, die Nutzung im Falle rechtswidriger Inhalte zu verhindern. F\u00fcr dar\u00fcber hinausgehende Inhalte und insbesondere f\u00fcr Sch\u00e4den, die aus der Nutzung oder Nichtnutzung solcherart dargebotener Informationen entstehen, haftet allein der Anbieter der Seite, auf welche verwiesen wurde, nicht derjenige, der \u00fcber Links auf die jeweilige Ver\u00f6ffentlichung lediglich verweist. Diese Einschr\u00e4nkung gilt gleicherma\u00dfen auch f\u00fcr Fremdeintr\u00e4ge in vom Autor eingerichteten G\u00e4steb\u00fcchern, Diskussionsforen und Mailinglisten.<\/p>\n<p>&nbsp;<\/p>\n<p>Medienrechte<br \/>\nAppartementhaus Trixl ist bestrebt, in allen Publikationen die Urheberrechte der verwendeten Grafiken, Tondokumente, Videosequenzen und Texte zu beachten, von ihm selbst erstellte Grafiken, Tondokumente, Videosequenzen und Texte zu nutzen oder auf lizenzfreie Grafiken, Tondokumente, Videosequenzen und Texte zur\u00fcckzugreifen. Das Copyright f\u00fcr ver\u00f6ffentlichte, vom Autor selbst erstellte Objekte bleibt allein beim Autor der Seiten. Eine Vervielf\u00e4ltigung oder Verwendung solcher Grafiken, Tondokumente, Videosequenzen und Texte in anderen elektronischen oder gedruckten Publikationen ist ohne ausdr\u00fcckliche Zustimmung des Autors nicht gestattet.<\/p>\n<p>&nbsp;<\/p>\n<p>Rechtswirksamkeit dieses Haftungsausschlusses<br \/>\nSofern Teile oder einzelne Formulierungen dieses Textes der geltenden Rechtslage nicht, nicht mehr oder nicht vollst\u00e4ndig entsprechen sollten, bleiben die \u00fcbrigen Teile des Dokumentes in ihrem Inhalt und ihrer G\u00fcltigkeit davon unber\u00fchrt.<\/p>\n<p>&nbsp;<\/p>\n<p>Stand 4\/2022<\/p>\n","protected":false},"excerpt":{"rendered":"<p>F\u00fcr den Inhalt verantwortlich: Familie Trixl Appartementhaus Trixl Dorfstrasse 8 A-6391 Fieberbrunn Tel: +43 5354 56298 Fax: DW4 Tel: +43 664 977 29 32 info@appartementhaus-trixl.at Es gelten die Buchungsbedingungen laut Preisliste und den \u00f6sterreichischen Hotelvertragsbedingungen. Allgemeinen Gesch\u00e4ftsbedingungen\u00a0f\u00fcr Hotellerie 2006. HINWEISPFLICHT F\u00dcR ONLINEHANDEL Die Plattform zur Online-Streitbeilegung der Europ\u00e4ischen Kommission: http:\/\/ec.europa.eu\/consumers\/odr Erkl\u00e4rung zur Informationspflicht (Datenschutzerkl\u00e4rung) Die [&hellip;]<\/p>\n","protected":false},"author":1,"featured_media":0,"parent":0,"menu_order":0,"comment_status":"closed","ping_status":"closed","template":"","meta":{"footnotes":""},"class_list":["post-695","page","type-page","status-publish","hentry"],"meta_box":{"wysiwyg_8vhvd6w2a2o":"","image_advanced_mke4u9kg4i":[],"anreise-infos":"","overline-heading":"Imprint","text_y0uz1jljy4":"Imprint","video-youtube":"","image_advanced_480xxjaxm89":[],"aktivitaten_slider":[],"seiten_teaser":[]},"_links":{"self":[{"href":"https:\/\/www.appartementhaus-trixl.at\/en\/wp-json\/wp\/v2\/pages\/695","targetHints":{"allow":["GET"]}}],"collection":[{"href":"https:\/\/www.appartementhaus-trixl.at\/en\/wp-json\/wp\/v2\/pages"}],"about":[{"href":"https:\/\/www.appartementhaus-trixl.at\/en\/wp-json\/wp\/v2\/types\/page"}],"author":[{"embeddable":true,"href":"https:\/\/www.appartementhaus-trixl.at\/en\/wp-json\/wp\/v2\/users\/1"}],"replies":[{"embeddable":true,"href":"https:\/\/www.appartementhaus-trixl.at\/en\/wp-json\/wp\/v2\/comments?post=695"}],"version-history":[{"count":4,"href":"https:\/\/www.appartementhaus-trixl.at\/en\/wp-json\/wp\/v2\/pages\/695\/revisions"}],"predecessor-version":[{"id":849,"href":"https:\/\/www.appartementhaus-trixl.at\/en\/wp-json\/wp\/v2\/pages\/695\/revisions\/849"}],"wp:attachment":[{"href":"https:\/\/www.appartementhaus-trixl.at\/en\/wp-json\/wp\/v2\/media?parent=695"}],"curies":[{"name":"wp","href":"https:\/\/api.w.org\/{rel}","templated":true}]}}