{"id":733,"date":"2022-02-15T17:05:09","date_gmt":"2022-02-15T16:05:09","guid":{"rendered":"https:\/\/app-trixl.klubarbeit.net\/ski-alpin\/"},"modified":"2022-10-13T11:01:16","modified_gmt":"2022-10-13T09:01:16","slug":"alpine-skiing-in-the-skicircus","status":"publish","type":"page","link":"https:\/\/www.appartementhaus-trixl.at\/en\/alpine-skiing-in-the-skicircus\/","title":{"rendered":"Alpine skiing in the Skicircus"},"content":{"rendered":"\r\n<p>With around 270 fantastic kilometers of pistes, the Skicircus Saalbach &#8211; Hinterglemm &#8211; Leogang &#8211; Fieberbrunn is not only one of the largest ski areas in Austria, but also impresses with its numerous attractions, high-quality huts and a stylish ambience. From our house you can easily get to the valley station in Fieberbrunn by ski bus. Ski schools, rental and sports shops ensure the perfect day of skiing.<\/p>\r\n","protected":false},"excerpt":{"rendered":"<p>Mit rund 270 traumhaften Pistenkilometern z\u00e4hlt der Skicircus Saalbach &#8211; Hinterglemm &#8211; Leogang &#8211; Fieberbrunn nicht nur zu den gr\u00f6\u00dften Skigebieten \u00d6sterreichs, sondern besticht auch durch seine zahlreichen Attraktionen, hochwertigen H\u00fctten und einem stilvollen Ambiente. Von unserem Haus kommen Sie bequem per Skibus zur Talstation in Fieberbrunn. Skischulen, Verleih und Sportgesch\u00e4fte sorgen zudem f\u00fcr den perfekten Skitag.<\/p>\n","protected":false},"author":1,"featured_media":613,"parent":0,"menu_order":0,"comment_status":"closed","ping_status":"closed","template":"","meta":{"footnotes":""},"class_list":["post-733","page","type-page","status-publish","has-post-thumbnail","hentry"],"meta_box":{"wysiwyg_8vhvd6w2a2o":"","image_advanced_mke4u9kg4i":[],"anreise-infos":"","overline-heading":"Real Skiing pleasure","text_y0uz1jljy4":"in the Skicircus","video-youtube":"https:\/\/youtu.be\/LCZpaSC5BkE","image_advanced_480xxjaxm89":[],"aktivitaten_slider":[{"headline-gruppe-aktiv":"Snow heights","wysiwyg_mp1vy4xzj4":"<div class=\"mco-widget-snow-report\" data-token=\"gtFxUvRgVqyWMRrr73FYzI8hrOqSZTFVN43UsHK7qBAO0\" data-id=\"9\"><\/div>\r\n<script src=\"https:\/\/vermieter.pillerseetal.at\/static\/widgets\/js\/widget-snow-report.js\"><\/script>","button_group_49njm2tru05-1":"nein","button_group_giklkwv7ozk-2":"nein","image_advanced_b8zp9a0enxa":"\/wp-content\/uploads\/2022\/03\/Skicircus-Saalbach-Hinterglemm-Leogang-Fieberbrunn-8256x5504-1.jpg"},{"headline-gruppe-aktiv":"Skischool & rental","wysiwyg_mp1vy4xzj4":"<p><strong>S4 Snowsport Fieberbrunn<\/strong><br \/>Ski and snowboard school, shop, rental and kindergarten all under one roof. Located directly at the valley station. With its own \"Dumbo\" children's practice area.<\/p>\r\n<p>Contact:<br \/>Lindau 19a, Fieberbrunn<br \/>T: 0043 5354 52080<\/p>\r\n<p><a href=\"mailto:office@s4-fieberbrunn.at\">office@s4-fieberbrunn.at<\/a> - <a href=\"https:\/\/www.s4-fieberbrunn.at\" target=\"_blank\" rel=\"noopener\">www.s4-fieberbrunn.at<\/a><\/p>\r\n<p><strong>Ski school Fieberbrunn Widmann<\/strong><br \/>Ski and snowboard school, shop and rental all under one roof. Located directly at the main car park of the mountain railways. With its own \"Bobo\" children's practice area.<\/p>\r\n<p>Contact:<br \/>Lindau 15a, Fieberbrunn<br \/>T: 0043 5354 56262<\/p>\r\n<p><a href=\"mailto:info@skischule-fieberbrunn.at\">info@skischule-fieberbrunn.at<\/a> - <a href=\"https:\/\/www.skischule-fieberbrunn.at\" target=\"_blank\" rel=\"noopener\">www.skischule-fieberbrunn.at<\/a><\/p>","button_group_49njm2tru05-1":"nein","button_group_giklkwv7ozk-2":"nein","image_advanced_b8zp9a0enxa":"\/wp-content\/uploads\/2022\/03\/Skicircus-Saalbach-Hinterglemm-Leogang-Fieberbrunn-8256x5504-2.jpg"}],"seiten_teaser":[]},"_links":{"self":[{"href":"https:\/\/www.appartementhaus-trixl.at\/en\/wp-json\/wp\/v2\/pages\/733","targetHints":{"allow":["GET"]}}],"collection":[{"href":"https:\/\/www.appartementhaus-trixl.at\/en\/wp-json\/wp\/v2\/pages"}],"about":[{"href":"https:\/\/www.appartementhaus-trixl.at\/en\/wp-json\/wp\/v2\/types\/page"}],"author":[{"embeddable":true,"href":"https:\/\/www.appartementhaus-trixl.at\/en\/wp-json\/wp\/v2\/users\/1"}],"replies":[{"embeddable":true,"href":"https:\/\/www.appartementhaus-trixl.at\/en\/wp-json\/wp\/v2\/comments?post=733"}],"version-history":[{"count":4,"href":"https:\/\/www.appartementhaus-trixl.at\/en\/wp-json\/wp\/v2\/pages\/733\/revisions"}],"predecessor-version":[{"id":776,"href":"https:\/\/www.appartementhaus-trixl.at\/en\/wp-json\/wp\/v2\/pages\/733\/revisions\/776"}],"wp:featuredmedia":[{"embeddable":true,"href":"https:\/\/www.appartementhaus-trixl.at\/en\/wp-json\/wp\/v2\/media\/613"}],"wp:attachment":[{"href":"https:\/\/www.appartementhaus-trixl.at\/en\/wp-json\/wp\/v2\/media?parent=733"}],"curies":[{"name":"wp","href":"https:\/\/api.w.org\/{rel}","templated":true}]}}